{"id":2,"date":"2023-04-04T08:16:29","date_gmt":"2023-04-04T08:16:29","guid":{"rendered":"https:\/\/artpointreklam.com\/?page_id=2"},"modified":"2025-05-27T10:24:12","modified_gmt":"2025-05-27T10:24:12","slug":"sample-page","status":"publish","type":"page","link":"https:\/\/artpointreklam.com\/","title":{"rendered":"Ho\u015fgeldiniz"},"content":{"rendered":"\n<p>Size daha iyi ve profesyonel bir deneyim sunabilmek i\u00e7in sitemizi g\u00fcncelliyoruz.<\/p>\n\n\n\n<p>Bu s\u00fcre i\u00e7erisinde herhangi bir sorunuz olursa bize a\u015fa\u011f\u0131da yer alan ileti\u015fim bilgileri \u00fczerinden ula\u015fabilirsiniz.<\/p>\n\n\n\n<p><strong>Telefon:<\/strong> <a href=\"https:\/\/www.google.com\/search?q=artpoint+reklam#\">(0216) 457 49 55<\/a><\/p>\n\n\n\n<p><strong>E-posta:<\/strong> grafik@artpointreklam.com<\/p>\n\n\n\n<p><strong>Adres:<\/strong> Girne Irmak Sokak A\/29, 34852 Maltepe\/\u0130stanbul<\/p>\n\n\n\n<p><\/p>\n\n\n\n<p><\/p>\n","protected":false},"excerpt":{"rendered":"<p>Size daha iyi ve profesyonel bir deneyim sunabilmek i\u00e7in sitemizi g\u00fcncelliyoruz. Bu s\u00fcre i\u00e7erisinde herhangi bir sorunuz olursa bize a\u015fa\u011f\u0131da yer alan ileti\u015fim bilgileri \u00fczerinden ula\u015fabilirsiniz. Telefon: (0216) 457 49 55 E-posta: grafik@artpointreklam.com Adres: Girne Irmak Sokak A\/29, 34852 Maltepe\/\u0130stanbul<\/p>\n","protected":false},"author":1,"featured_media":0,"parent":0,"menu_order":0,"comment_status":"closed","ping_status":"open","template":"","meta":[],"_links":{"self":[{"href":"https:\/\/artpointreklam.com\/index.php\/wp-json\/wp\/v2\/pages\/2"}],"collection":[{"href":"https:\/\/artpointreklam.com\/index.php\/wp-json\/wp\/v2\/pages"}],"about":[{"href":"https:\/\/artpointreklam.com\/index.php\/wp-json\/wp\/v2\/types\/page"}],"author":[{"embeddable":true,"href":"https:\/\/artpointreklam.com\/index.php\/wp-json\/wp\/v2\/users\/1"}],"replies":[{"embeddable":true,"href":"https:\/\/artpointreklam.com\/index.php\/wp-json\/wp\/v2\/comments?post=2"}],"version-history":[{"count":3,"href":"https:\/\/artpointreklam.com\/index.php\/wp-json\/wp\/v2\/pages\/2\/revisions"}],"predecessor-version":[{"id":17,"href":"https:\/\/artpointreklam.com\/index.php\/wp-json\/wp\/v2\/pages\/2\/revisions\/17"}],"wp:attachment":[{"href":"https:\/\/artpointreklam.com\/index.php\/wp-json\/wp\/v2\/media?parent=2"}],"curies":[{"name":"wp","href":"https:\/\/api.w.org\/{rel}","templated":true}]}}